{"id":2033,"date":"2022-08-25T15:48:10","date_gmt":"2022-08-25T13:48:10","guid":{"rendered":"https:\/\/bcncompresores.com\/cookies\/"},"modified":"2022-09-22T12:32:24","modified_gmt":"2022-09-22T10:32:24","slug":"cookies","status":"publish","type":"page","link":"https:\/\/bcncompresores.com\/ca\/cookies\/","title":{"rendered":"Pol\u00edtica de Cookies"},"content":{"rendered":"<div class=\"fusion-fullwidth fullwidth-box fusion-builder-row-1 fusion-flex-container has-pattern-background has-mask-background hundred-percent-fullwidth non-hundred-percent-height-scrolling\" style=\"--awb-border-radius-top-left:0px;--awb-border-radius-top-right:0px;--awb-border-radius-bottom-right:0px;--awb-border-radius-bottom-left:0px;--awb-padding-top:6%;--awb-padding-right:10%;--awb-padding-bottom:0%;--awb-padding-left:10%;--awb-flex-wrap:wrap;\" ><div class=\"fusion-builder-row fusion-row fusion-flex-align-items-flex-start fusion-flex-content-wrap\" style=\"width:104% !important;max-width:104% !important;margin-left: calc(-4% \/ 2 );margin-right: calc(-4% \/ 2 );\"><div class=\"fusion-layout-column fusion_builder_column fusion-builder-column-0 fusion-flex-column\" style=\"--awb-bg-size:cover;--awb-width-large:10%;--awb-margin-top-large:0px;--awb-spacing-right-large:19.2%;--awb-margin-bottom-large:20px;--awb-spacing-left-large:19.2%;--awb-width-medium:10%;--awb-order-medium:0;--awb-spacing-right-medium:19.2%;--awb-spacing-left-medium:19.2%;--awb-width-small:100%;--awb-order-small:0;--awb-spacing-right-small:1.92%;--awb-spacing-left-small:1.92%;\"><div class=\"fusion-column-wrapper fusion-column-has-shadow fusion-flex-justify-content-flex-start fusion-content-layout-column\"><\/div><\/div><div class=\"fusion-layout-column fusion_builder_column fusion-builder-column-1 fusion_builder_column_4_5 4_5 fusion-flex-column\" style=\"--awb-bg-size:cover;--awb-width-large:80%;--awb-margin-top-large:0px;--awb-spacing-right-large:2.4%;--awb-margin-bottom-large:20px;--awb-spacing-left-large:2.4%;--awb-width-medium:80%;--awb-order-medium:0;--awb-spacing-right-medium:2.4%;--awb-spacing-left-medium:2.4%;--awb-width-small:100%;--awb-order-small:0;--awb-spacing-right-small:1.92%;--awb-spacing-left-small:1.92%;\"><div class=\"fusion-column-wrapper fusion-column-has-shadow fusion-flex-justify-content-flex-start fusion-content-layout-column\"><div class=\"fusion-text fusion-text-1\" style=\"--awb-content-alignment:justify;\"><div class=\"fusion-text fusion-text-1\">\n<p><strong>\u00das de cookies<\/strong><br \/>\nEn el nostre lloc web utilitzem cookies, tant pr\u00f2pies com de tercers (Google Analytics) per millorar la teva experi\u00e8ncia d\u2019usuari i recollir dades estad\u00edstiques sobre l\u2019\u00fas de la nostra web per part dels usuaris. Les cookies s\u2019associen \u00fanicament al navegador que est\u00e0 utilitzant, de manera que no s\u2019emmagatzema cap tipus de dades personals sobre l\u2019usuari que visita la nostra p\u00e0gina web. Vost\u00e8 pot configurar el seu navegador perqu\u00e8 notifiqui i\/o rebutgi la instal\u00b7laci\u00f3 de les cookies, sense que aix\u00f2 perjudiqui la possibilitat de l\u2019usuari de poder accedir a les diferents zones de la web, excepte al servei de xat de suport t\u00e8cnic.<\/p>\n<p>Si navegues per la nostra web, estar\u00e0s acceptant l\u2019\u00fas de les cookies en les condicions establertes en aquesta\u00a0<strong>Pol\u00edtica de Cookies.<\/strong>\u00a0Aquesta pol\u00edtica pot ser actualitzada, per la qual cosa et convidem a revisar-la de forma regular.<\/p>\n<p><strong>Qu\u00e8 son les cookies?<\/strong><br \/>\nS\u00f3n petits fitxers de dades que el servidor d\u2019Internet envia al dispositiu amb el qual et connectes a les nostres webs i que aquest arxiva. S\u2019associen \u00fanicament al teu navegador i no proporcionen per si mateixes dades personals. Les cookies no poden malmetre el teu dispositiu i a m\u00e9s s\u00f3n molt \u00fatils, ja que ens ajuden a identificar i resoldre errors.<\/p>\n<p>Si vols m\u00e9s informaci\u00f3 sobre el seu funcionament, et recomanem que visitis\u00a0<a href=\"http:\/\/www.allaboutcookies.org\/\" target=\"_blank\" rel=\"noopener noreferrer\"><strong>www.allaboutcookies.org\u00a0<\/strong><\/a>i\u00a0<a href=\"http:\/\/www.youronlinechoices.eu\/es\/\" target=\"_blank\" rel=\"noopener noreferrer\"><strong>www.youronlinechoices.eu<\/strong><\/a><\/p>\n<p><strong>Cookies de xarxes socials<\/strong><br \/>\nA la nostra p\u00e0gina web s\u2019inclouen botons que els usuaris poden utilitzar, de forma senzilla i intu\u00eftiva, per enlla\u00e7ar i compartir certs continguts a les xarxes socials com Facebook, Twitter, Google+, LinkedIn o Pinterest. Aquesta funcionalitat comporta l\u2019\u00fas de cookies que enllacen amb les p\u00e0gines web d\u2019aquestes xarxes socials, emmagatzemant la informaci\u00f3 \u00fanicament en elles.<\/p>\n<p><strong>Configuraci\u00f3 de les cookies<\/strong><br \/>\nPots consultar els passos per deshabilitar la instal\u00b7laci\u00f3 de cookies en la secci\u00f3 de \u201cAjuda\u201d del teu navegador: Microsoft Internet Explorer, Google Chrome, Safari, Mozilla Firefox i Opera.<\/p>\n<p>Molts navegadors permeten activar un sistema privat mitjan\u00e7ant el qual les cookies s\u2019esborren sempre despr\u00e9s de la teva visita a la web. Depenent de cada navegador aquest sistema pot tenir diferents noms. A continuaci\u00f3 detallem una llista dels navegadors m\u00e9s comuns i els diferents noms d\u2019aquest &#8220;sistema privat&#8221;:<\/p>\n<ul>\n<li>Internet Explorer 8 i superior \u2013 InPrivate<\/li>\n<li>Microsoft Edge<\/li>\n<li>Opera 10.5 i superior \u2013 Navegaci\u00f3 Privada<\/li>\n<li>Google Chrome 10 i superior \u2013 Inc\u00f2gnit<\/li>\n<li>Safari 2 i superior \u2013 Navegaci\u00f3 Privada<\/li>\n<li>Firefox 3.5 i superior \u2013 Navegaci\u00f3 Privada<\/li>\n<\/ul>\n<p>A continuaci\u00f3 us detallem la relaci\u00f3 de cookies utilitzades per aquesta web.<\/p>\n<\/div>\n<div class=\"table-1\">\n<table width=\"100%\">\n<thead>\n<tr>\n<th>Cookie<\/th>\n<th>Tipus<\/th>\n<th>Duraci\u00f3<\/th>\n<th>Descripci\u00f3<\/th>\n<\/tr>\n<\/thead>\n<tbody>\n<tr>\n<td>qsaw<\/td>\n<td>Pr\u00f2pia<\/td>\n<td>3 dies<\/td>\n<td>Control d&#8217;accessos des de Google Adwords<\/td>\n<\/tr>\n<tr>\n<td>qsfb<\/td>\n<td>Pr\u00f2pia<\/td>\n<td>3 dies<\/td>\n<td>\u00a0Control d&#8217;accessos des de Facebook<\/td>\n<\/tr>\n<tr>\n<td>_utmc<\/td>\n<td>De tercers<\/td>\n<td>En finalitzar la sessi\u00f3 de navegaci\u00f3<\/td>\n<td>Utilitzada per Google Analytics.<\/td>\n<\/tr>\n<tr>\n<td>_utmv<\/td>\n<td>De tercers<\/td>\n<td>6 mesos<\/td>\n<td>Utilitzada per Google Analytics<\/td>\n<\/tr>\n<tr>\n<td>_utmz<\/td>\n<td>De tercers<\/td>\n<td>2 anys<\/td>\n<td>Utilitzada per Google Analytics<\/td>\n<\/tr>\n<tr>\n<td>__utma<\/td>\n<td>De tercers<\/td>\n<td>2 anys<\/td>\n<td>Utilitzada per Google Analytics.<\/td>\n<\/tr>\n<tr>\n<td>__utmb<\/td>\n<td>De tercers<\/td>\n<td>30 minuts<\/td>\n<td>Utilitzada per Google Analytics.<\/td>\n<\/tr>\n<\/tbody>\n<\/table>\n<\/div>\n<\/div><div class=\"fusion-text fusion-text-2\"><p><strong>M\u00c9S INFORMACI\u00d3<\/strong><\/p>\n<ul>\n<li><a href=\"https:\/\/bcncompresores.com\/ca\/avis-legal\/\">Av\u00eds legal<\/a><\/li>\n<li><a href=\"https:\/\/bcncompresores.com\/ca\/politica-de-privacitat\/\">Pol\u00edtica de privacitat<\/a><\/li>\n<\/ul>\n<\/div><\/div><\/div><div class=\"fusion-layout-column fusion_builder_column fusion-builder-column-2 fusion-flex-column\" style=\"--awb-bg-size:cover;--awb-width-large:10%;--awb-margin-top-large:0px;--awb-spacing-right-large:19.2%;--awb-margin-bottom-large:20px;--awb-spacing-left-large:19.2%;--awb-width-medium:10%;--awb-order-medium:0;--awb-spacing-right-medium:19.2%;--awb-spacing-left-medium:19.2%;--awb-width-small:100%;--awb-order-small:0;--awb-spacing-right-small:1.92%;--awb-spacing-left-small:1.92%;\"><div class=\"fusion-column-wrapper fusion-column-has-shadow fusion-flex-justify-content-flex-start fusion-content-layout-column\"><\/div><\/div><\/div><\/div>\n","protected":false},"excerpt":{"rendered":"","protected":false},"author":1,"featured_media":1005,"parent":0,"menu_order":0,"comment_status":"closed","ping_status":"closed","template":"100-width.php","meta":{"footnotes":""},"class_list":["post-2033","page","type-page","status-publish","has-post-thumbnail","hentry"],"yoast_head":"<!-- This site is optimized with the Yoast SEO plugin v27.4 - https:\/\/yoast.com\/product\/yoast-seo-wordpress\/ -->\n<title>Pol\u00edtica de Cookies - BCN Compresores<\/title>\n<meta name=\"description\" content=\"Pol\u00edtica de Cookies de BCN Compresores.\" \/>\n<meta name=\"robots\" content=\"index, follow, max-snippet:-1, max-image-preview:large, max-video-preview:-1\" \/>\n<link rel=\"canonical\" href=\"https:\/\/bcncompresores.com\/ca\/cookies\/\" \/>\n<meta property=\"og:locale\" content=\"ca_ES\" \/>\n<meta property=\"og:type\" content=\"article\" \/>\n<meta property=\"og:title\" content=\"Pol\u00edtica de Cookies - BCN Compresores\" \/>\n<meta property=\"og:description\" content=\"Pol\u00edtica de Cookies de BCN Compresores.\" \/>\n<meta property=\"og:url\" content=\"https:\/\/bcncompresores.com\/ca\/cookies\/\" \/>\n<meta property=\"og:site_name\" content=\"Barcelona Compresores - Maquinaria para el aire comprimido\" \/>\n<meta property=\"article:modified_time\" content=\"2022-09-22T10:32:24+00:00\" \/>\n<meta property=\"og:image\" content=\"https:\/\/bcncompresores.com\/wp-content\/uploads\/Legalizaciones.webp\" \/>\n\t<meta property=\"og:image:width\" content=\"1904\" \/>\n\t<meta property=\"og:image:height\" content=\"420\" \/>\n\t<meta property=\"og:image:type\" content=\"image\/webp\" \/>\n<meta name=\"twitter:card\" content=\"summary_large_image\" \/>\n<meta name=\"twitter:label1\" content=\"Temps estimat de lectura\" \/>\n\t<meta name=\"twitter:data1\" content=\"5 minuts\" \/>\n<script type=\"application\/ld+json\" class=\"yoast-schema-graph\">{\"@context\":\"https:\\\/\\\/schema.org\",\"@graph\":[{\"@type\":\"WebPage\",\"@id\":\"https:\\\/\\\/bcncompresores.com\\\/ca\\\/cookies\\\/\",\"url\":\"https:\\\/\\\/bcncompresores.com\\\/ca\\\/cookies\\\/\",\"name\":\"Pol\u00edtica de Cookies - BCN Compresores\",\"isPartOf\":{\"@id\":\"https:\\\/\\\/bcncompresores.com\\\/ca\\\/#website\"},\"primaryImageOfPage\":{\"@id\":\"https:\\\/\\\/bcncompresores.com\\\/ca\\\/cookies\\\/#primaryimage\"},\"image\":{\"@id\":\"https:\\\/\\\/bcncompresores.com\\\/ca\\\/cookies\\\/#primaryimage\"},\"thumbnailUrl\":\"https:\\\/\\\/bcncompresores.com\\\/wp-content\\\/uploads\\\/Legalizaciones.webp\",\"datePublished\":\"2022-08-25T13:48:10+00:00\",\"dateModified\":\"2022-09-22T10:32:24+00:00\",\"description\":\"Pol\u00edtica de Cookies de BCN Compresores.\",\"breadcrumb\":{\"@id\":\"https:\\\/\\\/bcncompresores.com\\\/ca\\\/cookies\\\/#breadcrumb\"},\"inLanguage\":\"ca\",\"potentialAction\":[{\"@type\":\"ReadAction\",\"target\":[\"https:\\\/\\\/bcncompresores.com\\\/ca\\\/cookies\\\/\"]}]},{\"@type\":\"ImageObject\",\"inLanguage\":\"ca\",\"@id\":\"https:\\\/\\\/bcncompresores.com\\\/ca\\\/cookies\\\/#primaryimage\",\"url\":\"https:\\\/\\\/bcncompresores.com\\\/wp-content\\\/uploads\\\/Legalizaciones.webp\",\"contentUrl\":\"https:\\\/\\\/bcncompresores.com\\\/wp-content\\\/uploads\\\/Legalizaciones.webp\",\"width\":1904,\"height\":420,\"caption\":\"Legalizaciones\"},{\"@type\":\"BreadcrumbList\",\"@id\":\"https:\\\/\\\/bcncompresores.com\\\/ca\\\/cookies\\\/#breadcrumb\",\"itemListElement\":[{\"@type\":\"ListItem\",\"position\":1,\"name\":\"Portada\",\"item\":\"https:\\\/\\\/bcncompresores.com\\\/ca\\\/\"},{\"@type\":\"ListItem\",\"position\":2,\"name\":\"Pol\u00edtica de Cookies\"}]},{\"@type\":\"WebSite\",\"@id\":\"https:\\\/\\\/bcncompresores.com\\\/ca\\\/#website\",\"url\":\"https:\\\/\\\/bcncompresores.com\\\/ca\\\/\",\"name\":\"Barcelona Compresores - Maquinaria para el aire comprimido\",\"description\":\"Barcelona Compresores ofrece servicios globales de compresores y maquinaria para el aire comprimido: maquinaria nueva, maquinaria de ocasi\u00f3n y servicio t\u00e9cnico.\",\"potentialAction\":[{\"@type\":\"SearchAction\",\"target\":{\"@type\":\"EntryPoint\",\"urlTemplate\":\"https:\\\/\\\/bcncompresores.com\\\/ca\\\/?s={search_term_string}\"},\"query-input\":{\"@type\":\"PropertyValueSpecification\",\"valueRequired\":true,\"valueName\":\"search_term_string\"}}],\"inLanguage\":\"ca\"}]}<\/script>\n<!-- \/ Yoast SEO plugin. -->","yoast_head_json":{"title":"Pol\u00edtica de Cookies - BCN Compresores","description":"Pol\u00edtica de Cookies de BCN Compresores.","robots":{"index":"index","follow":"follow","max-snippet":"max-snippet:-1","max-image-preview":"max-image-preview:large","max-video-preview":"max-video-preview:-1"},"canonical":"https:\/\/bcncompresores.com\/ca\/cookies\/","og_locale":"ca_ES","og_type":"article","og_title":"Pol\u00edtica de Cookies - BCN Compresores","og_description":"Pol\u00edtica de Cookies de BCN Compresores.","og_url":"https:\/\/bcncompresores.com\/ca\/cookies\/","og_site_name":"Barcelona Compresores - Maquinaria para el aire comprimido","article_modified_time":"2022-09-22T10:32:24+00:00","og_image":[{"width":1904,"height":420,"url":"https:\/\/bcncompresores.com\/wp-content\/uploads\/Legalizaciones.webp","type":"image\/webp"}],"twitter_card":"summary_large_image","twitter_misc":{"Temps estimat de lectura":"5 minuts"},"schema":{"@context":"https:\/\/schema.org","@graph":[{"@type":"WebPage","@id":"https:\/\/bcncompresores.com\/ca\/cookies\/","url":"https:\/\/bcncompresores.com\/ca\/cookies\/","name":"Pol\u00edtica de Cookies - BCN Compresores","isPartOf":{"@id":"https:\/\/bcncompresores.com\/ca\/#website"},"primaryImageOfPage":{"@id":"https:\/\/bcncompresores.com\/ca\/cookies\/#primaryimage"},"image":{"@id":"https:\/\/bcncompresores.com\/ca\/cookies\/#primaryimage"},"thumbnailUrl":"https:\/\/bcncompresores.com\/wp-content\/uploads\/Legalizaciones.webp","datePublished":"2022-08-25T13:48:10+00:00","dateModified":"2022-09-22T10:32:24+00:00","description":"Pol\u00edtica de Cookies de BCN Compresores.","breadcrumb":{"@id":"https:\/\/bcncompresores.com\/ca\/cookies\/#breadcrumb"},"inLanguage":"ca","potentialAction":[{"@type":"ReadAction","target":["https:\/\/bcncompresores.com\/ca\/cookies\/"]}]},{"@type":"ImageObject","inLanguage":"ca","@id":"https:\/\/bcncompresores.com\/ca\/cookies\/#primaryimage","url":"https:\/\/bcncompresores.com\/wp-content\/uploads\/Legalizaciones.webp","contentUrl":"https:\/\/bcncompresores.com\/wp-content\/uploads\/Legalizaciones.webp","width":1904,"height":420,"caption":"Legalizaciones"},{"@type":"BreadcrumbList","@id":"https:\/\/bcncompresores.com\/ca\/cookies\/#breadcrumb","itemListElement":[{"@type":"ListItem","position":1,"name":"Portada","item":"https:\/\/bcncompresores.com\/ca\/"},{"@type":"ListItem","position":2,"name":"Pol\u00edtica de Cookies"}]},{"@type":"WebSite","@id":"https:\/\/bcncompresores.com\/ca\/#website","url":"https:\/\/bcncompresores.com\/ca\/","name":"Barcelona Compresores - Maquinaria para el aire comprimido","description":"Barcelona Compresores ofrece servicios globales de compresores y maquinaria para el aire comprimido: maquinaria nueva, maquinaria de ocasi\u00f3n y servicio t\u00e9cnico.","potentialAction":[{"@type":"SearchAction","target":{"@type":"EntryPoint","urlTemplate":"https:\/\/bcncompresores.com\/ca\/?s={search_term_string}"},"query-input":{"@type":"PropertyValueSpecification","valueRequired":true,"valueName":"search_term_string"}}],"inLanguage":"ca"}]}},"_links":{"self":[{"href":"https:\/\/bcncompresores.com\/ca\/wp-json\/wp\/v2\/pages\/2033","targetHints":{"allow":["GET"]}}],"collection":[{"href":"https:\/\/bcncompresores.com\/ca\/wp-json\/wp\/v2\/pages"}],"about":[{"href":"https:\/\/bcncompresores.com\/ca\/wp-json\/wp\/v2\/types\/page"}],"author":[{"embeddable":true,"href":"https:\/\/bcncompresores.com\/ca\/wp-json\/wp\/v2\/users\/1"}],"replies":[{"embeddable":true,"href":"https:\/\/bcncompresores.com\/ca\/wp-json\/wp\/v2\/comments?post=2033"}],"version-history":[{"count":0,"href":"https:\/\/bcncompresores.com\/ca\/wp-json\/wp\/v2\/pages\/2033\/revisions"}],"wp:featuredmedia":[{"embeddable":true,"href":"https:\/\/bcncompresores.com\/ca\/wp-json\/wp\/v2\/media\/1005"}],"wp:attachment":[{"href":"https:\/\/bcncompresores.com\/ca\/wp-json\/wp\/v2\/media?parent=2033"}],"curies":[{"name":"wp","href":"https:\/\/api.w.org\/{rel}","templated":true}]}}