{"id":1990,"date":"2022-08-24T17:01:49","date_gmt":"2022-08-24T15:01:49","guid":{"rendered":"https:\/\/bcncompresores.com\/compresores-aire-comprimido\/"},"modified":"2022-09-23T14:00:03","modified_gmt":"2022-09-23T12:00:03","slug":"compressors-aire-comprimit","status":"publish","type":"page","link":"https:\/\/bcncompresores.com\/ca\/compressors-aire-comprimit\/","title":{"rendered":"Nosaltres"},"content":{"rendered":"<p><div class=\"fusion-fullwidth fullwidth-box fusion-builder-row-1 fusion-flex-container has-pattern-background has-mask-background hundred-percent-fullwidth non-hundred-percent-height-scrolling\" style=\"--awb-border-radius-top-left:0px;--awb-border-radius-top-right:0px;--awb-border-radius-bottom-right:0px;--awb-border-radius-bottom-left:0px;--awb-padding-top:6%;--awb-padding-right:10%;--awb-padding-bottom:0%;--awb-padding-left:10%;--awb-flex-wrap:wrap;\" ><div class=\"fusion-builder-row fusion-row fusion-flex-align-items-flex-start fusion-flex-content-wrap\" style=\"width:104% !important;max-width:104% !important;margin-left: calc(-4% \/ 2 );margin-right: calc(-4% \/ 2 );\"><div class=\"fusion-layout-column fusion_builder_column fusion-builder-column-0 fusion-flex-column\" style=\"--awb-bg-size:cover;--awb-width-large:10%;--awb-margin-top-large:0px;--awb-spacing-right-large:19.2%;--awb-margin-bottom-large:20px;--awb-spacing-left-large:19.2%;--awb-width-medium:10%;--awb-order-medium:0;--awb-spacing-right-medium:19.2%;--awb-spacing-left-medium:19.2%;--awb-width-small:100%;--awb-order-small:0;--awb-spacing-right-small:1.92%;--awb-spacing-left-small:1.92%;\"><div class=\"fusion-column-wrapper fusion-column-has-shadow fusion-flex-justify-content-flex-start fusion-content-layout-column\"><\/div><\/div><div class=\"fusion-layout-column fusion_builder_column fusion-builder-column-1 fusion_builder_column_4_5 4_5 fusion-flex-column\" style=\"--awb-bg-size:cover;--awb-width-large:80%;--awb-margin-top-large:0px;--awb-spacing-right-large:2.4%;--awb-margin-bottom-large:20px;--awb-spacing-left-large:2.4%;--awb-width-medium:80%;--awb-order-medium:0;--awb-spacing-right-medium:2.4%;--awb-spacing-left-medium:2.4%;--awb-width-small:100%;--awb-order-small:0;--awb-spacing-right-small:1.92%;--awb-spacing-left-small:1.92%;\"><div class=\"fusion-column-wrapper fusion-column-has-shadow fusion-flex-justify-content-flex-start fusion-content-layout-column\"><div class=\"fusion-title title fusion-title-1 fusion-sep-none fusion-title-text fusion-title-size-two\" style=\"--awb-margin-top:0px;--awb-margin-bottom:0px;--awb-margin-top-small:10px;--awb-margin-right-small:0px;--awb-margin-bottom-small:10px;--awb-margin-left-small:0px;\"><h2 class=\"fusion-title-heading title-heading-left fusion-responsive-typography-calculated\" style=\"margin:0;text-transform:uppercase;--fontSize:40;line-height:1;\">Especialistes en compressors d&#8217;aire comprimit<\/h2><\/div><div class=\"fusion-title title fusion-title-2 fusion-sep-none fusion-title-text fusion-title-size-div\" style=\"--awb-margin-top:0px;--awb-margin-top-small:10px;--awb-margin-right-small:0px;--awb-margin-bottom-small:10px;--awb-margin-left-small:0px;--awb-font-size:23px;\"><div class=\"fusion-title-heading title-heading-left title-heading-tag fusion-responsive-typography-calculated\" style=\"font-family:&quot;Archivo&quot;;font-style:normal;font-weight:700;margin:0;font-size:1em;--fontSize:23;line-height:var(--awb-typography4-line-height);\"><span class=\"subrayado\"> El partner de confian\u00e7a per a la seva empresa<\/span><\/div><\/div><\/div><\/div><div class=\"fusion-layout-column fusion_builder_column fusion-builder-column-2 fusion-flex-column\" style=\"--awb-bg-size:cover;--awb-width-large:10%;--awb-margin-top-large:0px;--awb-spacing-right-large:19.2%;--awb-margin-bottom-large:20px;--awb-spacing-left-large:19.2%;--awb-width-medium:10%;--awb-order-medium:0;--awb-spacing-right-medium:19.2%;--awb-spacing-left-medium:19.2%;--awb-width-small:100%;--awb-order-small:0;--awb-spacing-right-small:1.92%;--awb-spacing-left-small:1.92%;\"><div class=\"fusion-column-wrapper fusion-column-has-shadow fusion-flex-justify-content-flex-start fusion-content-layout-column\"><\/div><\/div><div class=\"fusion-layout-column fusion_builder_column fusion-builder-column-3 fusion-flex-column\" style=\"--awb-bg-size:cover;--awb-width-large:10%;--awb-margin-top-large:0px;--awb-spacing-right-large:19.2%;--awb-margin-bottom-large:20px;--awb-spacing-left-large:19.2%;--awb-width-medium:10%;--awb-order-medium:0;--awb-spacing-right-medium:19.2%;--awb-spacing-left-medium:19.2%;--awb-width-small:100%;--awb-order-small:0;--awb-spacing-right-small:1.92%;--awb-spacing-left-small:1.92%;\"><div class=\"fusion-column-wrapper fusion-column-has-shadow fusion-flex-justify-content-flex-start fusion-content-layout-column\"><\/div><\/div><div class=\"fusion-layout-column fusion_builder_column fusion-builder-column-4 fusion_builder_column_2_5 2_5 fusion-flex-column\" style=\"--awb-bg-size:cover;--awb-width-large:40%;--awb-margin-top-large:0px;--awb-spacing-right-large:4.8%;--awb-margin-bottom-large:20px;--awb-spacing-left-large:4.8%;--awb-width-medium:40%;--awb-order-medium:0;--awb-spacing-right-medium:4.8%;--awb-spacing-left-medium:4.8%;--awb-width-small:100%;--awb-order-small:0;--awb-spacing-right-small:1.92%;--awb-spacing-left-small:1.92%;\"><div class=\"fusion-column-wrapper fusion-column-has-shadow fusion-flex-justify-content-flex-start fusion-content-layout-column\"><div class=\"fusion-text fusion-text-1\" style=\"--awb-content-alignment:justify;\"><p>BCN Compresores \u00e9s una empresa de respostes globals en compressors d&#8217;aire comprimit. Oferim tots els serveis que les empreses precisen en les seves necessitats de tractament d&#8217;aire: <strong>venda de maquin\u00e0ria<\/strong>, instal\u00b7laci\u00f3, manteniment, reparacions i gesti\u00f3 de legalitzacions.<\/p>\n<p>El nostre equip acumula m\u00e9s de 30 anys d&#8217;experi\u00e8ncia, dedicats en exclusiva a aquest sector. Situats a Castellar de Vall\u00e8s (Barcelona), donem servei integral a les ind\u00fastries de tota Catalunya, i com a suport puntual de reparaci\u00f3 a professionals d&#8217;altres punts d&#8217;Espanya.<\/p>\n<\/div><\/div><\/div><div class=\"fusion-layout-column fusion_builder_column fusion-builder-column-5 fusion_builder_column_2_5 2_5 fusion-flex-column\" style=\"--awb-bg-size:cover;--awb-width-large:40%;--awb-margin-top-large:0px;--awb-spacing-right-large:4.8%;--awb-margin-bottom-large:20px;--awb-spacing-left-large:4.8%;--awb-width-medium:40%;--awb-order-medium:0;--awb-spacing-right-medium:4.8%;--awb-spacing-left-medium:4.8%;--awb-width-small:100%;--awb-order-small:0;--awb-spacing-right-small:1.92%;--awb-spacing-left-small:1.92%;\"><div class=\"fusion-column-wrapper fusion-column-has-shadow fusion-flex-justify-content-flex-start fusion-content-layout-column\"><div class=\"fusion-text fusion-text-2\" style=\"--awb-content-alignment:justify;\"><p>Actualment, distribu\u00efm diferents marques de la nostra confian\u00e7a, amb les que podem instal\u00b7lar solucions completes i integrades. Treballem amb els\u00a0<strong>compressors SCR Comp, dip\u00f2sits d&#8217;aire comprimit Baglioni, assecadors d&#8217;aire Serfriair i generadors de gasos industrials<\/strong>.<\/p>\n<p>A m\u00e9s d&#8217;aix\u00f2, comptem de manera permanent amb una interessant oferta de\u00a0<strong>maquin\u00e0ria d&#8217;ocasi\u00f3 de segona m\u00e0<\/strong> i\u00a0<strong>compressors de lloguer<\/strong>, equips que han estat revisats personalment pel nostre equip, amb els quals garantim una soluci\u00f3 assequible davant situacions imprevistes en les empreses.<\/p>\n<\/div><\/div><\/div><div class=\"fusion-layout-column fusion_builder_column fusion-builder-column-6 fusion-flex-column\" style=\"--awb-bg-size:cover;--awb-width-large:10%;--awb-margin-top-large:0px;--awb-spacing-right-large:19.2%;--awb-margin-bottom-large:20px;--awb-spacing-left-large:19.2%;--awb-width-medium:10%;--awb-order-medium:0;--awb-spacing-right-medium:19.2%;--awb-spacing-left-medium:19.2%;--awb-width-small:100%;--awb-order-small:0;--awb-spacing-right-small:1.92%;--awb-spacing-left-small:1.92%;\"><div class=\"fusion-column-wrapper fusion-column-has-shadow fusion-flex-justify-content-flex-start fusion-content-layout-column\"><\/div><\/div><\/div><\/div><div class=\"fusion-fullwidth fullwidth-box fusion-builder-row-2 fusion-flex-container has-pattern-background has-mask-background fusion-parallax-none nonhundred-percent-fullwidth non-hundred-percent-height-scrolling lazyload aire\" style=\"--awb-border-radius-top-left:0px;--awb-border-radius-top-right:0px;--awb-border-radius-bottom-right:0px;--awb-border-radius-bottom-left:0px;--awb-padding-top:0%;--awb-padding-bottom:0%;--awb-padding-right-small:0px;--awb-padding-left-small:0px;--awb-margin-top:5%;--awb-margin-bottom:5%;--awb-background-image:linear-gradient(180deg, rgba(32,86,107,0.48) 0%,rgba(25,25,25,0.67) 100%);;--awb-background-size:cover;--awb-flex-wrap:wrap;\" data-bg=\"https:\/\/bcncompresores.com\/wp-content\/uploads\/Portada-slider.webp\" data-bg-gradient=\"linear-gradient(180deg, rgba(32,86,107,0.48) 0%,rgba(25,25,25,0.67) 100%)\" ><div class=\"fusion-builder-row fusion-row fusion-flex-align-items-flex-start fusion-flex-justify-content-center fusion-flex-content-wrap\" style=\"max-width:1326px;margin-left: calc(-4% \/ 2 );margin-right: calc(-4% \/ 2 );\"><div class=\"fusion-layout-column fusion_builder_column fusion-builder-column-7 fusion_builder_column_1_5 1_5 fusion-flex-column fusion-no-small-visibility\" style=\"--awb-bg-size:cover;--awb-width-large:20%;--awb-margin-top-large:0px;--awb-spacing-right-large:9.6%;--awb-margin-bottom-large:0px;--awb-spacing-left-large:9.6%;--awb-width-medium:20%;--awb-order-medium:0;--awb-spacing-right-medium:9.6%;--awb-spacing-left-medium:9.6%;--awb-width-small:100%;--awb-order-small:0;--awb-spacing-right-small:1.92%;--awb-spacing-left-small:1.92%;\"><div class=\"fusion-column-wrapper fusion-column-has-shadow fusion-flex-justify-content-flex-start fusion-content-layout-column\"><\/div><\/div><div class=\"fusion-layout-column fusion_builder_column fusion-builder-column-8 fusion_builder_column_3_5 3_5 fusion-flex-column\" style=\"--awb-padding-top:60px;--awb-padding-right:60px;--awb-padding-bottom:60px;--awb-padding-left:60px;--awb-padding-right-small:20px;--awb-padding-left-small:20px;--awb-bg-color:var(--awb-color1);--awb-bg-color-hover:var(--awb-color1);--awb-bg-size:cover;--awb-width-large:60%;--awb-margin-top-large:0px;--awb-spacing-right-large:15px;--awb-margin-bottom-large:0px;--awb-spacing-left-large:5px;--awb-width-medium:60%;--awb-order-medium:0;--awb-spacing-right-medium:15px;--awb-spacing-left-medium:5px;--awb-width-small:100%;--awb-order-small:0;--awb-spacing-right-small:1.92%;--awb-spacing-left-small:1.92%;\"><div class=\"fusion-column-wrapper fusion-column-has-shadow fusion-flex-justify-content-flex-start fusion-content-layout-column\"><div class=\"fusion-title title fusion-title-3 fusion-sep-none fusion-title-text fusion-title-size-three\" style=\"--awb-text-color:var(--awb-color5);--awb-margin-top:0px;--awb-margin-bottom:0px;--awb-margin-top-small:10px;--awb-margin-right-small:0px;--awb-margin-bottom-small:10px;--awb-margin-left-small:0px;--awb-font-size:37px;\"><h3 class=\"fusion-title-heading title-heading-left fusion-responsive-typography-calculated\" style=\"margin:0;text-transform:uppercase;font-size:1em;--fontSize:37;line-height:var(--awb-typography1-line-height);\">L\u00edder en serei t\u00e8cnic de compressors<\/h3><\/div><div class=\"fusion-title title fusion-title-4 fusion-sep-none fusion-title-text fusion-title-size-div\" style=\"--awb-text-color:var(--awb-color2);--awb-margin-top:0px;--awb-margin-top-small:10px;--awb-margin-right-small:0px;--awb-margin-bottom-small:10px;--awb-margin-left-small:0px;--awb-font-size:23px;\"><div class=\"fusion-title-heading title-heading-left title-heading-tag fusion-responsive-typography-calculated\" style=\"font-family:&quot;Archivo&quot;;font-style:normal;font-weight:700;margin:0;font-size:1em;--fontSize:23;line-height:var(--awb-typography4-line-height);\"><span class=\"subrayado\">Un servei complet per a la seva tranquilitat<\/span><\/div><\/div><div class=\"fusion-text fusion-text-3\" style=\"--awb-content-alignment:justify;--awb-text-color:var(--awb-color2);\"><p>BCN Compresores tamb\u00e9 ofereix serveis especialistes en la\u00a0<strong>instal\u00b7laci\u00f3 de sistemes<\/strong>, <strong>reparaci\u00f3 de compressors d&#8217;aire comprimit<\/strong>, manteniment de maquin\u00e0ria i <strong>legalitzaci\u00f3 d&#8217;instal\u00b7lacions<\/strong> per a assegurar que la seva empresa compta sempre amb el certificat d&#8217;aire comprimit.<\/p>\n<p>Com a conseq\u00fc\u00e8ncia de la nostra \u00e0mplia experi\u00e8ncia en servei t\u00e8cnic, hem desenvolupat un exclusiu <strong>software de manteniment<\/strong> de compressors que facilita als professionals un complet comandament de control, ajudant a agilitzar les tasques de posada a punt de l&#8217;equip.<\/p>\n<\/div><div class=\"fusion-builder-row fusion-builder-row-inner fusion-row fusion-flex-align-items-flex-start fusion-flex-justify-content-center fusion-flex-content-wrap\" style=\"--awb-flex-grow:0;--awb-flex-grow-medium:0;--awb-flex-grow-small:0;--awb-flex-shrink:0;--awb-flex-shrink-medium:0;--awb-flex-shrink-small:0;width:104% !important;max-width:104% !important;margin-left: calc(-4% \/ 2 );margin-right: calc(-4% \/ 2 );\"><div class=\"fusion-layout-column fusion_builder_column_inner fusion-builder-nested-column-0 fusion_builder_column_inner_1_1 1_1 fusion-flex-column\" style=\"--awb-bg-size:cover;--awb-width-large:100%;--awb-margin-top-large:0px;--awb-spacing-right-large:1.92%;--awb-margin-bottom-large:20px;--awb-spacing-left-large:1.92%;--awb-width-medium:100%;--awb-order-medium:0;--awb-spacing-right-medium:1.92%;--awb-spacing-left-medium:1.92%;--awb-width-small:100%;--awb-order-small:0;--awb-spacing-right-small:1.92%;--awb-spacing-left-small:1.92%;\"><div class=\"fusion-column-wrapper fusion-column-has-shadow fusion-flex-justify-content-flex-start fusion-content-layout-row\"><div ><a class=\"fusion-button button-flat fusion-button-default-size button-default fusion-button-default button-1 fusion-button-default-span fusion-button-default-type\" style=\"--awb-margin-top:5px;--awb-margin-right:5px;--awb-margin-bottom:5px;--awb-margin-left:5px;\" target=\"_self\" href=\"https:\/\/bcncompresores.com\/ca\/especialistes-en-aire-comprimit-industrial\/installacions-aire-comprimit\/\"><i class=\"fa-industry fas awb-button__icon awb-button__icon--default button-icon-left\" aria-hidden=\"true\"><\/i><span class=\"fusion-button-text awb-button__text awb-button__text--default\">Instal\u00b7lacions<\/span><\/a><\/div><div ><a class=\"fusion-button button-flat fusion-button-default-size button-default fusion-button-default button-2 fusion-button-default-span fusion-button-default-type\" style=\"--awb-margin-top:5px;--awb-margin-right:5px;--awb-margin-bottom:5px;--awb-margin-left:5px;\" target=\"_self\" href=\"https:\/\/bcncompresores.com\/ca\/especialistes-en-aire-comprimit-industrial\/reparacio-de-compressors\/\"><i class=\"fa-cogs fas awb-button__icon awb-button__icon--default button-icon-left\" aria-hidden=\"true\"><\/i><span class=\"fusion-button-text awb-button__text awb-button__text--default\">Manteniment<\/span><\/a><\/div><div ><a class=\"fusion-button button-flat fusion-button-default-size button-default fusion-button-default button-3 fusion-button-default-span fusion-button-default-type\" style=\"--awb-margin-top:5px;--awb-margin-right:5px;--awb-margin-bottom:5px;--awb-margin-left:5px;\" target=\"_self\" href=\"https:\/\/bcncompresores.com\/ca\/especialistes-en-aire-comprimit-industrial\/legalitzacio-installacions-aire-comprimit\/\"><i class=\"fa-balance-scale-right fas awb-button__icon awb-button__icon--default button-icon-left\" aria-hidden=\"true\"><\/i><span class=\"fusion-button-text awb-button__text awb-button__text--default\">Legalitzacions<\/span><\/a><\/div><\/div><\/div><\/div><\/div><\/div><div class=\"fusion-layout-column fusion_builder_column fusion-builder-column-9 fusion_builder_column_1_5 1_5 fusion-flex-column fusion-no-small-visibility\" style=\"--awb-bg-size:cover;--awb-width-large:20%;--awb-margin-top-large:0px;--awb-spacing-right-large:9.6%;--awb-margin-bottom-large:0px;--awb-spacing-left-large:9.6%;--awb-width-medium:20%;--awb-order-medium:0;--awb-spacing-right-medium:9.6%;--awb-spacing-left-medium:9.6%;--awb-width-small:100%;--awb-order-small:0;--awb-spacing-right-small:1.92%;--awb-spacing-left-small:1.92%;\"><div class=\"fusion-column-wrapper fusion-column-has-shadow fusion-flex-justify-content-flex-start fusion-content-layout-column\"><\/div><\/div><\/div><\/div><\/p>\n","protected":false},"excerpt":{"rendered":"","protected":false},"author":1,"featured_media":877,"parent":0,"menu_order":0,"comment_status":"closed","ping_status":"closed","template":"100-width.php","meta":{"footnotes":""},"class_list":["post-1990","page","type-page","status-publish","has-post-thumbnail","hentry"],"yoast_head":"<!-- This site is optimized with the Yoast SEO plugin v27.4 - https:\/\/yoast.com\/product\/yoast-seo-wordpress\/ -->\n<title>Compressors d&#039;aire comprimit - BCN Compresores venda i reparaci\u00f3<\/title>\n<meta name=\"description\" content=\"Empresa especialista en compressors d&#039;aire comprimit. Venda de maquin\u00e0ria nova i de segona ocasi\u00f3, serveis de manteniment i reparacions.\" \/>\n<meta name=\"robots\" content=\"index, follow, max-snippet:-1, max-image-preview:large, max-video-preview:-1\" \/>\n<link rel=\"canonical\" href=\"https:\/\/bcncompresores.com\/ca\/compressors-aire-comprimit\/\" \/>\n<meta property=\"og:locale\" content=\"ca_ES\" \/>\n<meta property=\"og:type\" content=\"article\" \/>\n<meta property=\"og:title\" content=\"Compressors d&#039;aire comprimit - BCN Compresores venda i reparaci\u00f3\" \/>\n<meta property=\"og:description\" content=\"Empresa especialista en compressors d&#039;aire comprimit. Venda de maquin\u00e0ria nova i de segona ocasi\u00f3, serveis de manteniment i reparacions.\" \/>\n<meta property=\"og:url\" content=\"https:\/\/bcncompresores.com\/ca\/compressors-aire-comprimit\/\" \/>\n<meta property=\"og:site_name\" content=\"Barcelona Compresores - Maquinaria para el aire comprimido\" \/>\n<meta property=\"article:modified_time\" content=\"2022-09-23T12:00:03+00:00\" \/>\n<meta property=\"og:image\" content=\"https:\/\/bcncompresores.com\/wp-content\/uploads\/Sobre-nosotros.webp\" \/>\n\t<meta property=\"og:image:width\" content=\"1904\" \/>\n\t<meta property=\"og:image:height\" content=\"420\" \/>\n\t<meta property=\"og:image:type\" content=\"image\/webp\" \/>\n<meta name=\"twitter:card\" content=\"summary_large_image\" \/>\n<meta name=\"twitter:label1\" content=\"Temps estimat de lectura\" \/>\n\t<meta name=\"twitter:data1\" content=\"11 minuts\" \/>\n<script type=\"application\/ld+json\" class=\"yoast-schema-graph\">{\"@context\":\"https:\\\/\\\/schema.org\",\"@graph\":[{\"@type\":\"WebPage\",\"@id\":\"https:\\\/\\\/bcncompresores.com\\\/ca\\\/compressors-aire-comprimit\\\/\",\"url\":\"https:\\\/\\\/bcncompresores.com\\\/ca\\\/compressors-aire-comprimit\\\/\",\"name\":\"Compressors d'aire comprimit - BCN Compresores venda i reparaci\u00f3\",\"isPartOf\":{\"@id\":\"https:\\\/\\\/bcncompresores.com\\\/ca\\\/#website\"},\"primaryImageOfPage\":{\"@id\":\"https:\\\/\\\/bcncompresores.com\\\/ca\\\/compressors-aire-comprimit\\\/#primaryimage\"},\"image\":{\"@id\":\"https:\\\/\\\/bcncompresores.com\\\/ca\\\/compressors-aire-comprimit\\\/#primaryimage\"},\"thumbnailUrl\":\"https:\\\/\\\/bcncompresores.com\\\/wp-content\\\/uploads\\\/Sobre-nosotros.webp\",\"datePublished\":\"2022-08-24T15:01:49+00:00\",\"dateModified\":\"2022-09-23T12:00:03+00:00\",\"description\":\"Empresa especialista en compressors d'aire comprimit. Venda de maquin\u00e0ria nova i de segona ocasi\u00f3, serveis de manteniment i reparacions.\",\"breadcrumb\":{\"@id\":\"https:\\\/\\\/bcncompresores.com\\\/ca\\\/compressors-aire-comprimit\\\/#breadcrumb\"},\"inLanguage\":\"ca\",\"potentialAction\":[{\"@type\":\"ReadAction\",\"target\":[\"https:\\\/\\\/bcncompresores.com\\\/ca\\\/compressors-aire-comprimit\\\/\"]}]},{\"@type\":\"ImageObject\",\"inLanguage\":\"ca\",\"@id\":\"https:\\\/\\\/bcncompresores.com\\\/ca\\\/compressors-aire-comprimit\\\/#primaryimage\",\"url\":\"https:\\\/\\\/bcncompresores.com\\\/wp-content\\\/uploads\\\/Sobre-nosotros.webp\",\"contentUrl\":\"https:\\\/\\\/bcncompresores.com\\\/wp-content\\\/uploads\\\/Sobre-nosotros.webp\",\"width\":1904,\"height\":420,\"caption\":\"Sobre Barcelona Compresores\"},{\"@type\":\"BreadcrumbList\",\"@id\":\"https:\\\/\\\/bcncompresores.com\\\/ca\\\/compressors-aire-comprimit\\\/#breadcrumb\",\"itemListElement\":[{\"@type\":\"ListItem\",\"position\":1,\"name\":\"Portada\",\"item\":\"https:\\\/\\\/bcncompresores.com\\\/ca\\\/\"},{\"@type\":\"ListItem\",\"position\":2,\"name\":\"Nosaltres\"}]},{\"@type\":\"WebSite\",\"@id\":\"https:\\\/\\\/bcncompresores.com\\\/ca\\\/#website\",\"url\":\"https:\\\/\\\/bcncompresores.com\\\/ca\\\/\",\"name\":\"Barcelona Compresores - Maquinaria para el aire comprimido\",\"description\":\"Barcelona Compresores ofrece servicios globales de compresores y maquinaria para el aire comprimido: maquinaria nueva, maquinaria de ocasi\u00f3n y servicio t\u00e9cnico.\",\"potentialAction\":[{\"@type\":\"SearchAction\",\"target\":{\"@type\":\"EntryPoint\",\"urlTemplate\":\"https:\\\/\\\/bcncompresores.com\\\/ca\\\/?s={search_term_string}\"},\"query-input\":{\"@type\":\"PropertyValueSpecification\",\"valueRequired\":true,\"valueName\":\"search_term_string\"}}],\"inLanguage\":\"ca\"}]}<\/script>\n<!-- \/ Yoast SEO plugin. -->","yoast_head_json":{"title":"Compressors d'aire comprimit - BCN Compresores venda i reparaci\u00f3","description":"Empresa especialista en compressors d'aire comprimit. Venda de maquin\u00e0ria nova i de segona ocasi\u00f3, serveis de manteniment i reparacions.","robots":{"index":"index","follow":"follow","max-snippet":"max-snippet:-1","max-image-preview":"max-image-preview:large","max-video-preview":"max-video-preview:-1"},"canonical":"https:\/\/bcncompresores.com\/ca\/compressors-aire-comprimit\/","og_locale":"ca_ES","og_type":"article","og_title":"Compressors d'aire comprimit - BCN Compresores venda i reparaci\u00f3","og_description":"Empresa especialista en compressors d'aire comprimit. Venda de maquin\u00e0ria nova i de segona ocasi\u00f3, serveis de manteniment i reparacions.","og_url":"https:\/\/bcncompresores.com\/ca\/compressors-aire-comprimit\/","og_site_name":"Barcelona Compresores - Maquinaria para el aire comprimido","article_modified_time":"2022-09-23T12:00:03+00:00","og_image":[{"width":1904,"height":420,"url":"https:\/\/bcncompresores.com\/wp-content\/uploads\/Sobre-nosotros.webp","type":"image\/webp"}],"twitter_card":"summary_large_image","twitter_misc":{"Temps estimat de lectura":"11 minuts"},"schema":{"@context":"https:\/\/schema.org","@graph":[{"@type":"WebPage","@id":"https:\/\/bcncompresores.com\/ca\/compressors-aire-comprimit\/","url":"https:\/\/bcncompresores.com\/ca\/compressors-aire-comprimit\/","name":"Compressors d'aire comprimit - BCN Compresores venda i reparaci\u00f3","isPartOf":{"@id":"https:\/\/bcncompresores.com\/ca\/#website"},"primaryImageOfPage":{"@id":"https:\/\/bcncompresores.com\/ca\/compressors-aire-comprimit\/#primaryimage"},"image":{"@id":"https:\/\/bcncompresores.com\/ca\/compressors-aire-comprimit\/#primaryimage"},"thumbnailUrl":"https:\/\/bcncompresores.com\/wp-content\/uploads\/Sobre-nosotros.webp","datePublished":"2022-08-24T15:01:49+00:00","dateModified":"2022-09-23T12:00:03+00:00","description":"Empresa especialista en compressors d'aire comprimit. Venda de maquin\u00e0ria nova i de segona ocasi\u00f3, serveis de manteniment i reparacions.","breadcrumb":{"@id":"https:\/\/bcncompresores.com\/ca\/compressors-aire-comprimit\/#breadcrumb"},"inLanguage":"ca","potentialAction":[{"@type":"ReadAction","target":["https:\/\/bcncompresores.com\/ca\/compressors-aire-comprimit\/"]}]},{"@type":"ImageObject","inLanguage":"ca","@id":"https:\/\/bcncompresores.com\/ca\/compressors-aire-comprimit\/#primaryimage","url":"https:\/\/bcncompresores.com\/wp-content\/uploads\/Sobre-nosotros.webp","contentUrl":"https:\/\/bcncompresores.com\/wp-content\/uploads\/Sobre-nosotros.webp","width":1904,"height":420,"caption":"Sobre Barcelona Compresores"},{"@type":"BreadcrumbList","@id":"https:\/\/bcncompresores.com\/ca\/compressors-aire-comprimit\/#breadcrumb","itemListElement":[{"@type":"ListItem","position":1,"name":"Portada","item":"https:\/\/bcncompresores.com\/ca\/"},{"@type":"ListItem","position":2,"name":"Nosaltres"}]},{"@type":"WebSite","@id":"https:\/\/bcncompresores.com\/ca\/#website","url":"https:\/\/bcncompresores.com\/ca\/","name":"Barcelona Compresores - Maquinaria para el aire comprimido","description":"Barcelona Compresores ofrece servicios globales de compresores y maquinaria para el aire comprimido: maquinaria nueva, maquinaria de ocasi\u00f3n y servicio t\u00e9cnico.","potentialAction":[{"@type":"SearchAction","target":{"@type":"EntryPoint","urlTemplate":"https:\/\/bcncompresores.com\/ca\/?s={search_term_string}"},"query-input":{"@type":"PropertyValueSpecification","valueRequired":true,"valueName":"search_term_string"}}],"inLanguage":"ca"}]}},"_links":{"self":[{"href":"https:\/\/bcncompresores.com\/ca\/wp-json\/wp\/v2\/pages\/1990","targetHints":{"allow":["GET"]}}],"collection":[{"href":"https:\/\/bcncompresores.com\/ca\/wp-json\/wp\/v2\/pages"}],"about":[{"href":"https:\/\/bcncompresores.com\/ca\/wp-json\/wp\/v2\/types\/page"}],"author":[{"embeddable":true,"href":"https:\/\/bcncompresores.com\/ca\/wp-json\/wp\/v2\/users\/1"}],"replies":[{"embeddable":true,"href":"https:\/\/bcncompresores.com\/ca\/wp-json\/wp\/v2\/comments?post=1990"}],"version-history":[{"count":0,"href":"https:\/\/bcncompresores.com\/ca\/wp-json\/wp\/v2\/pages\/1990\/revisions"}],"wp:featuredmedia":[{"embeddable":true,"href":"https:\/\/bcncompresores.com\/ca\/wp-json\/wp\/v2\/media\/877"}],"wp:attachment":[{"href":"https:\/\/bcncompresores.com\/ca\/wp-json\/wp\/v2\/media?parent=1990"}],"curies":[{"name":"wp","href":"https:\/\/api.w.org\/{rel}","templated":true}]}}